{"id":1074,"date":"2024-03-25T11:01:06","date_gmt":"2024-03-25T14:01:06","guid":{"rendered":"https:\/\/ultimateinfo.com.br\/v3\/?page_id=1074"},"modified":"2024-07-17T11:09:19","modified_gmt":"2024-07-17T14:09:19","slug":"abertura-de-chamados","status":"publish","type":"page","link":"https:\/\/ultimateinfo.com.br\/v3\/abertura-de-chamados\/","title":{"rendered":"Abertura de Chamados"},"content":{"rendered":"\n<p class=\"has-text-align-left\" style=\"font-size:15px\"><strong>Prezado (a), a abertura de chamados agora est\u00e1 mais simplificada!<\/strong><br><br><strong>Preencha o formul\u00e1rio abaixo para que um ticket seja gerado e enviado ao seu e-mail. <\/strong><br><strong>Tamb\u00e9m \u00e9 poss\u00edvel realizar a abertura de chamados enviando um email para: <a href=\"mailto:tickets@ultimateinfo.com.br\">tickets@ultimateinfo.com.br<\/a>. <\/strong><br><strong><br>Se deseja acompanhar um ticket ou acrescentar algo, por favor, clique <a href=\"https:\/\/ultimateinfo.com.br\/ostic\/view.php\" target=\"_blank\" rel=\"noreferrer noopener\">aqui<\/a>.<\/strong><\/p>\n\n\n<div class=\"wpforms-container wpforms-container-full\" id=\"wpforms-1069\"><form id=\"wpforms-form-1069\" class=\"wpforms-validate wpforms-form wpforms-ajax-form\" data-formid=\"1069\" method=\"post\" enctype=\"multipart\/form-data\" action=\"\/v3\/wp-json\/wp\/v2\/pages\/1074\" data-token=\"a6158e316a86365b1aaaba2d0ef06c4e\" data-token-time=\"1776699777\"><noscript class=\"wpforms-error-noscript\">Ative o JavaScript no seu navegador para preencher este formul\u00e1rio.<\/noscript><div class=\"wpforms-field-container\"><div id=\"wpforms-1069-field_6-container\" class=\"wpforms-field wpforms-field-text\" data-field-id=\"6\"><label class=\"wpforms-field-label\" for=\"wpforms-1069-field_6\">Seu Nome: <span class=\"wpforms-required-label\">*<\/span><\/label><input type=\"text\" id=\"wpforms-1069-field_6\" class=\"wpforms-field-medium wpforms-field-required\" name=\"wpforms[fields][6]\" required><\/div><div id=\"wpforms-1069-field_3-container\" class=\"wpforms-field wpforms-field-email\" data-field-id=\"3\"><label class=\"wpforms-field-label\">E-mail: <span class=\"wpforms-required-label\">*<\/span><\/label><div class=\"wpforms-field-row wpforms-field-medium\"><div class=\"wpforms-field-row-block wpforms-one-half wpforms-first\"><input type=\"email\" id=\"wpforms-1069-field_3\" class=\"wpforms-field-required wpforms-field-email-primary\" name=\"wpforms[fields][3][primary]\" spellcheck=\"false\" required><label for=\"wpforms-1069-field_3\" class=\"wpforms-field-sublabel after\">E-mail<\/label><\/div><div class=\"wpforms-field-row-block wpforms-one-half\"><input type=\"email\" id=\"wpforms-1069-field_3-secondary\" class=\"wpforms-field-email-secondary wpforms-field-required\" data-rule-confirm=\"#wpforms-1069-field_3\" name=\"wpforms[fields][3][secondary]\" spellcheck=\"false\" required><label for=\"wpforms-1069-field_3-secondary\" class=\"wpforms-field-sublabel after\">Confirmar e-mail<\/label><\/div><\/div><\/div><div id=\"wpforms-1069-field_8-container\" class=\"wpforms-field wpforms-field-number\" data-field-id=\"8\"><label class=\"wpforms-field-label\" for=\"wpforms-1069-field_8\">Telefone de Contato (opcional):<\/label><input type=\"number\" id=\"wpforms-1069-field_8\" class=\"wpforms-field-medium\" name=\"wpforms[fields][8]\" placeholder=\"(XX) 9XXXX-XXXX\" step=\"any\" ><\/div><div id=\"wpforms-1069-field_2-container\" class=\"wpforms-field wpforms-field-text\" data-field-id=\"2\"><label class=\"wpforms-field-label\" for=\"wpforms-1069-field_2\">Assunto: <span class=\"wpforms-required-label\">*<\/span><\/label><input type=\"text\" id=\"wpforms-1069-field_2\" class=\"wpforms-field-medium wpforms-field-required\" name=\"wpforms[fields][2]\" required><\/div><div id=\"wpforms-1069-field_7-container\" class=\"wpforms-field wpforms-field-textarea\" data-field-id=\"7\"><label class=\"wpforms-field-label\" for=\"wpforms-1069-field_7\">Descri\u00e7\u00e3o da d\u00favida ou problema: <span class=\"wpforms-required-label\">*<\/span><\/label><textarea id=\"wpforms-1069-field_7\" class=\"wpforms-field-medium wpforms-field-required\" name=\"wpforms[fields][7]\" required><\/textarea><\/div><\/div><!-- .wpforms-field-container --><div class=\"wpforms-submit-container\" ><input type=\"hidden\" name=\"wpforms[id]\" value=\"1069\"><input type=\"hidden\" name=\"page_title\" value=\"\"><input type=\"hidden\" name=\"page_url\" value=\"https:\/\/ultimateinfo.com.br\/v3\/wp-json\/wp\/v2\/pages\/1074\"><input type=\"hidden\" name=\"url_referer\" value=\"\"><button type=\"submit\" name=\"wpforms[submit]\" id=\"wpforms-submit-1069\" class=\"wpforms-submit\" data-alt-text=\"Enviando\u2026\" data-submit-text=\"Enviar\" aria-live=\"assertive\" value=\"wpforms-submit\">Enviar<\/button><img loading=\"lazy\" decoding=\"async\" src=\"https:\/\/ultimateinfo.com.br\/v3\/wp-content\/plugins\/wpforms-lite\/assets\/images\/submit-spin.svg\" class=\"wpforms-submit-spinner\" style=\"display: none;\" width=\"26\" height=\"26\" alt=\"Carregando\"><\/div><\/form><\/div>  <!-- .wpforms-container -->\n\n\n\n<p><\/p>\n","protected":false},"excerpt":{"rendered":"<p>Prezado (a), a abertura de chamados agora est\u00e1 mais simplificada! Preencha o formul\u00e1rio abaixo para que um ticket seja gerado e enviado ao seu e-mail. Tamb\u00e9m \u00e9 poss\u00edvel realizar a abertura de chamados enviando um email para: tickets@ultimateinfo.com.br. Se deseja&hellip; <\/p>\n","protected":false},"author":1,"featured_media":0,"parent":0,"menu_order":0,"comment_status":"closed","ping_status":"closed","template":"","meta":{"footnotes":""},"class_list":["post-1074","page","type-page","status-publish","hentry"],"yoast_head":"<!-- This site is optimized with the Yoast SEO plugin v27.3 - https:\/\/yoast.com\/product\/yoast-seo-wordpress\/ -->\n<title>Abertura de Chamados - Ultimate Inform\u00e1tica<\/title>\n<meta name=\"robots\" content=\"index, follow, max-snippet:-1, max-image-preview:large, max-video-preview:-1\" \/>\n<link rel=\"canonical\" href=\"https:\/\/ultimateinfo.com.br\/v3\/abertura-de-chamados\/\" \/>\n<meta property=\"og:locale\" content=\"pt_BR\" \/>\n<meta property=\"og:type\" content=\"article\" \/>\n<meta property=\"og:title\" content=\"Abertura de Chamados - Ultimate Inform\u00e1tica\" \/>\n<meta property=\"og:description\" content=\"Prezado (a), a abertura de chamados agora est\u00e1 mais simplificada! Preencha o formul\u00e1rio abaixo para que um ticket seja gerado e enviado ao seu e-mail. Tamb\u00e9m \u00e9 poss\u00edvel realizar a abertura de chamados enviando um email para: tickets@ultimateinfo.com.br. Se deseja&hellip;\" \/>\n<meta property=\"og:url\" content=\"https:\/\/ultimateinfo.com.br\/v3\/abertura-de-chamados\/\" \/>\n<meta property=\"og:site_name\" content=\"Ultimate Inform\u00e1tica\" \/>\n<meta property=\"article:modified_time\" content=\"2024-07-17T14:09:19+00:00\" \/>\n<meta name=\"twitter:card\" content=\"summary_large_image\" \/>\n<meta name=\"twitter:label1\" content=\"Est. tempo de leitura\" \/>\n\t<meta name=\"twitter:data1\" content=\"1 minuto\" \/>\n<script type=\"application\/ld+json\" class=\"yoast-schema-graph\">{\"@context\":\"https:\\\/\\\/schema.org\",\"@graph\":[{\"@type\":\"WebPage\",\"@id\":\"https:\\\/\\\/ultimateinfo.com.br\\\/v3\\\/abertura-de-chamados\\\/\",\"url\":\"https:\\\/\\\/ultimateinfo.com.br\\\/v3\\\/abertura-de-chamados\\\/\",\"name\":\"Abertura de Chamados - Ultimate Inform\u00e1tica\",\"isPartOf\":{\"@id\":\"https:\\\/\\\/ultimateinfo.com.br\\\/v3\\\/#website\"},\"datePublished\":\"2024-03-25T14:01:06+00:00\",\"dateModified\":\"2024-07-17T14:09:19+00:00\",\"breadcrumb\":{\"@id\":\"https:\\\/\\\/ultimateinfo.com.br\\\/v3\\\/abertura-de-chamados\\\/#breadcrumb\"},\"inLanguage\":\"pt-BR\",\"potentialAction\":[{\"@type\":\"ReadAction\",\"target\":[\"https:\\\/\\\/ultimateinfo.com.br\\\/v3\\\/abertura-de-chamados\\\/\"]}]},{\"@type\":\"BreadcrumbList\",\"@id\":\"https:\\\/\\\/ultimateinfo.com.br\\\/v3\\\/abertura-de-chamados\\\/#breadcrumb\",\"itemListElement\":[{\"@type\":\"ListItem\",\"position\":1,\"name\":\"In\u00edcio\",\"item\":\"https:\\\/\\\/ultimateinfo.com.br\\\/v3\\\/\"},{\"@type\":\"ListItem\",\"position\":2,\"name\":\"Abertura de Chamados\"}]},{\"@type\":\"WebSite\",\"@id\":\"https:\\\/\\\/ultimateinfo.com.br\\\/v3\\\/#website\",\"url\":\"https:\\\/\\\/ultimateinfo.com.br\\\/v3\\\/\",\"name\":\"Ultimate Inform\u00e1tica\",\"description\":\"Suporte de Inform\u00e1tica e solu\u00e7\u00f5es Windows e Linux para sua empresa.\",\"publisher\":{\"@id\":\"https:\\\/\\\/ultimateinfo.com.br\\\/v3\\\/#organization\"},\"potentialAction\":[{\"@type\":\"SearchAction\",\"target\":{\"@type\":\"EntryPoint\",\"urlTemplate\":\"https:\\\/\\\/ultimateinfo.com.br\\\/v3\\\/?s={search_term_string}\"},\"query-input\":{\"@type\":\"PropertyValueSpecification\",\"valueRequired\":true,\"valueName\":\"search_term_string\"}}],\"inLanguage\":\"pt-BR\"},{\"@type\":\"Organization\",\"@id\":\"https:\\\/\\\/ultimateinfo.com.br\\\/v3\\\/#organization\",\"name\":\"Ultimate Inform\u00e1tica\",\"url\":\"https:\\\/\\\/ultimateinfo.com.br\\\/v3\\\/\",\"logo\":{\"@type\":\"ImageObject\",\"inLanguage\":\"pt-BR\",\"@id\":\"https:\\\/\\\/ultimateinfo.com.br\\\/v3\\\/#\\\/schema\\\/logo\\\/image\\\/\",\"url\":\"https:\\\/\\\/ultimateinfo.com.br\\\/v3\\\/wp-content\\\/uploads\\\/Logotipo.png\",\"contentUrl\":\"https:\\\/\\\/ultimateinfo.com.br\\\/v3\\\/wp-content\\\/uploads\\\/Logotipo.png\",\"width\":2654,\"height\":757,\"caption\":\"Ultimate Inform\u00e1tica\"},\"image\":{\"@id\":\"https:\\\/\\\/ultimateinfo.com.br\\\/v3\\\/#\\\/schema\\\/logo\\\/image\\\/\"}}]}<\/script>\n<!-- \/ Yoast SEO plugin. -->","yoast_head_json":{"title":"Abertura de Chamados - Ultimate Inform\u00e1tica","robots":{"index":"index","follow":"follow","max-snippet":"max-snippet:-1","max-image-preview":"max-image-preview:large","max-video-preview":"max-video-preview:-1"},"canonical":"https:\/\/ultimateinfo.com.br\/v3\/abertura-de-chamados\/","og_locale":"pt_BR","og_type":"article","og_title":"Abertura de Chamados - Ultimate Inform\u00e1tica","og_description":"Prezado (a), a abertura de chamados agora est\u00e1 mais simplificada! Preencha o formul\u00e1rio abaixo para que um ticket seja gerado e enviado ao seu e-mail. Tamb\u00e9m \u00e9 poss\u00edvel realizar a abertura de chamados enviando um email para: tickets@ultimateinfo.com.br. Se deseja&hellip;","og_url":"https:\/\/ultimateinfo.com.br\/v3\/abertura-de-chamados\/","og_site_name":"Ultimate Inform\u00e1tica","article_modified_time":"2024-07-17T14:09:19+00:00","twitter_card":"summary_large_image","twitter_misc":{"Est. tempo de leitura":"1 minuto"},"schema":{"@context":"https:\/\/schema.org","@graph":[{"@type":"WebPage","@id":"https:\/\/ultimateinfo.com.br\/v3\/abertura-de-chamados\/","url":"https:\/\/ultimateinfo.com.br\/v3\/abertura-de-chamados\/","name":"Abertura de Chamados - Ultimate Inform\u00e1tica","isPartOf":{"@id":"https:\/\/ultimateinfo.com.br\/v3\/#website"},"datePublished":"2024-03-25T14:01:06+00:00","dateModified":"2024-07-17T14:09:19+00:00","breadcrumb":{"@id":"https:\/\/ultimateinfo.com.br\/v3\/abertura-de-chamados\/#breadcrumb"},"inLanguage":"pt-BR","potentialAction":[{"@type":"ReadAction","target":["https:\/\/ultimateinfo.com.br\/v3\/abertura-de-chamados\/"]}]},{"@type":"BreadcrumbList","@id":"https:\/\/ultimateinfo.com.br\/v3\/abertura-de-chamados\/#breadcrumb","itemListElement":[{"@type":"ListItem","position":1,"name":"In\u00edcio","item":"https:\/\/ultimateinfo.com.br\/v3\/"},{"@type":"ListItem","position":2,"name":"Abertura de Chamados"}]},{"@type":"WebSite","@id":"https:\/\/ultimateinfo.com.br\/v3\/#website","url":"https:\/\/ultimateinfo.com.br\/v3\/","name":"Ultimate Inform\u00e1tica","description":"Suporte de Inform\u00e1tica e solu\u00e7\u00f5es Windows e Linux para sua empresa.","publisher":{"@id":"https:\/\/ultimateinfo.com.br\/v3\/#organization"},"potentialAction":[{"@type":"SearchAction","target":{"@type":"EntryPoint","urlTemplate":"https:\/\/ultimateinfo.com.br\/v3\/?s={search_term_string}"},"query-input":{"@type":"PropertyValueSpecification","valueRequired":true,"valueName":"search_term_string"}}],"inLanguage":"pt-BR"},{"@type":"Organization","@id":"https:\/\/ultimateinfo.com.br\/v3\/#organization","name":"Ultimate Inform\u00e1tica","url":"https:\/\/ultimateinfo.com.br\/v3\/","logo":{"@type":"ImageObject","inLanguage":"pt-BR","@id":"https:\/\/ultimateinfo.com.br\/v3\/#\/schema\/logo\/image\/","url":"https:\/\/ultimateinfo.com.br\/v3\/wp-content\/uploads\/Logotipo.png","contentUrl":"https:\/\/ultimateinfo.com.br\/v3\/wp-content\/uploads\/Logotipo.png","width":2654,"height":757,"caption":"Ultimate Inform\u00e1tica"},"image":{"@id":"https:\/\/ultimateinfo.com.br\/v3\/#\/schema\/logo\/image\/"}}]}},"_links":{"self":[{"href":"https:\/\/ultimateinfo.com.br\/v3\/wp-json\/wp\/v2\/pages\/1074","targetHints":{"allow":["GET"]}}],"collection":[{"href":"https:\/\/ultimateinfo.com.br\/v3\/wp-json\/wp\/v2\/pages"}],"about":[{"href":"https:\/\/ultimateinfo.com.br\/v3\/wp-json\/wp\/v2\/types\/page"}],"author":[{"embeddable":true,"href":"https:\/\/ultimateinfo.com.br\/v3\/wp-json\/wp\/v2\/users\/1"}],"replies":[{"embeddable":true,"href":"https:\/\/ultimateinfo.com.br\/v3\/wp-json\/wp\/v2\/comments?post=1074"}],"version-history":[{"count":21,"href":"https:\/\/ultimateinfo.com.br\/v3\/wp-json\/wp\/v2\/pages\/1074\/revisions"}],"predecessor-version":[{"id":1130,"href":"https:\/\/ultimateinfo.com.br\/v3\/wp-json\/wp\/v2\/pages\/1074\/revisions\/1130"}],"wp:attachment":[{"href":"https:\/\/ultimateinfo.com.br\/v3\/wp-json\/wp\/v2\/media?parent=1074"}],"curies":[{"name":"wp","href":"https:\/\/api.w.org\/{rel}","templated":true}]}}