{"id":267,"date":"2016-04-14T21:26:15","date_gmt":"2016-04-14T21:26:15","guid":{"rendered":"http:\/\/ultimateinfo.com.br\/v3\/?page_id=267"},"modified":"2022-12-29T21:42:58","modified_gmt":"2022-12-30T00:42:58","slug":"sobre-nos","status":"publish","type":"page","link":"https:\/\/ultimateinfo.com.br\/v3\/sobre-nos\/","title":{"rendered":"Sobre N\u00f3s"},"content":{"rendered":"\n<p class=\"has-text-color\" style=\"color:#615d5c\">&#8211; <strong>Somos uma empresa que tem como objetivo a presta\u00e7\u00e3o de servi\u00e7os de suporte t\u00e9cnico e consultoria na \u00e1rea da tecnologia da informa\u00e7\u00e3o.<\/strong><\/p>\n\n\n\n<p class=\"has-text-color\" style=\"color:#615d5c\">&#8211; <strong>Buscamos utilizar solu\u00e7\u00f5es adequadas para facilitar e aperfei\u00e7oar a qualidade e a produtividade das rotinas de trabalho, resultando na satisfa\u00e7\u00e3o, aumento dos resultados e na lucratividade dos nossos clientes.<\/strong><\/p>\n\n\n\n<p class=\"has-text-color\" style=\"color:#615d5c\">&#8211; <strong>Trabalhamos em empresas multinacionais e terceirizadas, isso fez com que as experi\u00eancias profissionais adquiridas nos auxiliem no dia-a-dia e na elabora\u00e7\u00e3o dos projetos de nossos clientes, seja aprimorando ambientes j\u00e1 implantados ou buscando solu\u00e7\u00f5es mais eficazes.<\/strong><\/p>\n\n\n\n<p class=\"has-text-color\" style=\"color:#615d5c\">&#8211; <strong>Buscamos sempre aperfei\u00e7oar e especializar nossas t\u00e9cnicas, acompanhando a r\u00e1pida e constante evolu\u00e7\u00e3o do nosso mercado de trabalho. A Ultimate Inform\u00e1tica est\u00e1 pronta para o futuro e ter\u00e1 sempre ao seu alcance as ferramentas necess\u00e1rias para a resolu\u00e7\u00e3o do trabalho de forma clara e transparente.<\/strong><\/p>\n\n\n\n<p class=\"has-text-color\" style=\"color:#615d5c\">&#8211; <strong>Nosso objetivo consiste em mostrar que a inform\u00e1tica n\u00e3o s\u00f3 est\u00e1 presente, mas sim estamos cada vez mais dependentes dela. Nos preocupamos com a prote\u00e7\u00e3o, a seguran\u00e7a, a valoriza\u00e7\u00e3o dos dados da empresa e do usu\u00e1rio, a confiabilidade e a consci\u00eancia tranquila no ambiente de trabalho.<\/strong><\/p>\n","protected":false},"excerpt":{"rendered":"<p>&#8211; Somos uma empresa que tem como objetivo a presta\u00e7\u00e3o de servi\u00e7os de suporte t\u00e9cnico e consultoria na \u00e1rea da tecnologia da informa\u00e7\u00e3o. &#8211; Buscamos utilizar solu\u00e7\u00f5es adequadas para facilitar e aperfei\u00e7oar a qualidade e a produtividade das rotinas de&hellip; <\/p>\n","protected":false},"author":1,"featured_media":0,"parent":0,"menu_order":0,"comment_status":"closed","ping_status":"closed","template":"","meta":{"footnotes":""},"class_list":["post-267","page","type-page","status-publish","hentry"],"yoast_head":"<!-- This site is optimized with the Yoast SEO plugin v27.3 - https:\/\/yoast.com\/product\/yoast-seo-wordpress\/ -->\n<title>Sobre N\u00f3s - Ultimate Inform\u00e1tica<\/title>\n<meta name=\"robots\" content=\"index, follow, max-snippet:-1, max-image-preview:large, max-video-preview:-1\" \/>\n<link rel=\"canonical\" href=\"https:\/\/ultimateinfo.com.br\/v3\/sobre-nos\/\" \/>\n<meta property=\"og:locale\" content=\"pt_BR\" \/>\n<meta property=\"og:type\" content=\"article\" \/>\n<meta property=\"og:title\" content=\"Sobre N\u00f3s - Ultimate Inform\u00e1tica\" \/>\n<meta property=\"og:description\" content=\"&#8211; Somos uma empresa que tem como objetivo a presta\u00e7\u00e3o de servi\u00e7os de suporte t\u00e9cnico e consultoria na \u00e1rea da tecnologia da informa\u00e7\u00e3o. &#8211; Buscamos utilizar solu\u00e7\u00f5es adequadas para facilitar e aperfei\u00e7oar a qualidade e a produtividade das rotinas de&hellip;\" \/>\n<meta property=\"og:url\" content=\"https:\/\/ultimateinfo.com.br\/v3\/sobre-nos\/\" \/>\n<meta property=\"og:site_name\" content=\"Ultimate Inform\u00e1tica\" \/>\n<meta property=\"article:modified_time\" content=\"2022-12-30T00:42:58+00:00\" \/>\n<meta name=\"twitter:card\" content=\"summary_large_image\" \/>\n<meta name=\"twitter:label1\" content=\"Est. tempo de leitura\" \/>\n\t<meta name=\"twitter:data1\" content=\"1 minuto\" \/>\n<script type=\"application\/ld+json\" class=\"yoast-schema-graph\">{\"@context\":\"https:\\\/\\\/schema.org\",\"@graph\":[{\"@type\":\"WebPage\",\"@id\":\"https:\\\/\\\/ultimateinfo.com.br\\\/v3\\\/sobre-nos\\\/\",\"url\":\"https:\\\/\\\/ultimateinfo.com.br\\\/v3\\\/sobre-nos\\\/\",\"name\":\"Sobre N\u00f3s - Ultimate Inform\u00e1tica\",\"isPartOf\":{\"@id\":\"https:\\\/\\\/ultimateinfo.com.br\\\/v3\\\/#website\"},\"datePublished\":\"2016-04-14T21:26:15+00:00\",\"dateModified\":\"2022-12-30T00:42:58+00:00\",\"breadcrumb\":{\"@id\":\"https:\\\/\\\/ultimateinfo.com.br\\\/v3\\\/sobre-nos\\\/#breadcrumb\"},\"inLanguage\":\"pt-BR\",\"potentialAction\":[{\"@type\":\"ReadAction\",\"target\":[\"https:\\\/\\\/ultimateinfo.com.br\\\/v3\\\/sobre-nos\\\/\"]}]},{\"@type\":\"BreadcrumbList\",\"@id\":\"https:\\\/\\\/ultimateinfo.com.br\\\/v3\\\/sobre-nos\\\/#breadcrumb\",\"itemListElement\":[{\"@type\":\"ListItem\",\"position\":1,\"name\":\"In\u00edcio\",\"item\":\"https:\\\/\\\/ultimateinfo.com.br\\\/v3\\\/\"},{\"@type\":\"ListItem\",\"position\":2,\"name\":\"Sobre N\u00f3s\"}]},{\"@type\":\"WebSite\",\"@id\":\"https:\\\/\\\/ultimateinfo.com.br\\\/v3\\\/#website\",\"url\":\"https:\\\/\\\/ultimateinfo.com.br\\\/v3\\\/\",\"name\":\"Ultimate Inform\u00e1tica\",\"description\":\"Suporte de Inform\u00e1tica e solu\u00e7\u00f5es Windows e Linux para sua empresa.\",\"publisher\":{\"@id\":\"https:\\\/\\\/ultimateinfo.com.br\\\/v3\\\/#organization\"},\"potentialAction\":[{\"@type\":\"SearchAction\",\"target\":{\"@type\":\"EntryPoint\",\"urlTemplate\":\"https:\\\/\\\/ultimateinfo.com.br\\\/v3\\\/?s={search_term_string}\"},\"query-input\":{\"@type\":\"PropertyValueSpecification\",\"valueRequired\":true,\"valueName\":\"search_term_string\"}}],\"inLanguage\":\"pt-BR\"},{\"@type\":\"Organization\",\"@id\":\"https:\\\/\\\/ultimateinfo.com.br\\\/v3\\\/#organization\",\"name\":\"Ultimate Inform\u00e1tica\",\"url\":\"https:\\\/\\\/ultimateinfo.com.br\\\/v3\\\/\",\"logo\":{\"@type\":\"ImageObject\",\"inLanguage\":\"pt-BR\",\"@id\":\"https:\\\/\\\/ultimateinfo.com.br\\\/v3\\\/#\\\/schema\\\/logo\\\/image\\\/\",\"url\":\"https:\\\/\\\/ultimateinfo.com.br\\\/v3\\\/wp-content\\\/uploads\\\/Logotipo.png\",\"contentUrl\":\"https:\\\/\\\/ultimateinfo.com.br\\\/v3\\\/wp-content\\\/uploads\\\/Logotipo.png\",\"width\":2654,\"height\":757,\"caption\":\"Ultimate Inform\u00e1tica\"},\"image\":{\"@id\":\"https:\\\/\\\/ultimateinfo.com.br\\\/v3\\\/#\\\/schema\\\/logo\\\/image\\\/\"}}]}<\/script>\n<!-- \/ Yoast SEO plugin. -->","yoast_head_json":{"title":"Sobre N\u00f3s - Ultimate Inform\u00e1tica","robots":{"index":"index","follow":"follow","max-snippet":"max-snippet:-1","max-image-preview":"max-image-preview:large","max-video-preview":"max-video-preview:-1"},"canonical":"https:\/\/ultimateinfo.com.br\/v3\/sobre-nos\/","og_locale":"pt_BR","og_type":"article","og_title":"Sobre N\u00f3s - Ultimate Inform\u00e1tica","og_description":"&#8211; Somos uma empresa que tem como objetivo a presta\u00e7\u00e3o de servi\u00e7os de suporte t\u00e9cnico e consultoria na \u00e1rea da tecnologia da informa\u00e7\u00e3o. &#8211; Buscamos utilizar solu\u00e7\u00f5es adequadas para facilitar e aperfei\u00e7oar a qualidade e a produtividade das rotinas de&hellip;","og_url":"https:\/\/ultimateinfo.com.br\/v3\/sobre-nos\/","og_site_name":"Ultimate Inform\u00e1tica","article_modified_time":"2022-12-30T00:42:58+00:00","twitter_card":"summary_large_image","twitter_misc":{"Est. tempo de leitura":"1 minuto"},"schema":{"@context":"https:\/\/schema.org","@graph":[{"@type":"WebPage","@id":"https:\/\/ultimateinfo.com.br\/v3\/sobre-nos\/","url":"https:\/\/ultimateinfo.com.br\/v3\/sobre-nos\/","name":"Sobre N\u00f3s - Ultimate Inform\u00e1tica","isPartOf":{"@id":"https:\/\/ultimateinfo.com.br\/v3\/#website"},"datePublished":"2016-04-14T21:26:15+00:00","dateModified":"2022-12-30T00:42:58+00:00","breadcrumb":{"@id":"https:\/\/ultimateinfo.com.br\/v3\/sobre-nos\/#breadcrumb"},"inLanguage":"pt-BR","potentialAction":[{"@type":"ReadAction","target":["https:\/\/ultimateinfo.com.br\/v3\/sobre-nos\/"]}]},{"@type":"BreadcrumbList","@id":"https:\/\/ultimateinfo.com.br\/v3\/sobre-nos\/#breadcrumb","itemListElement":[{"@type":"ListItem","position":1,"name":"In\u00edcio","item":"https:\/\/ultimateinfo.com.br\/v3\/"},{"@type":"ListItem","position":2,"name":"Sobre N\u00f3s"}]},{"@type":"WebSite","@id":"https:\/\/ultimateinfo.com.br\/v3\/#website","url":"https:\/\/ultimateinfo.com.br\/v3\/","name":"Ultimate Inform\u00e1tica","description":"Suporte de Inform\u00e1tica e solu\u00e7\u00f5es Windows e Linux para sua empresa.","publisher":{"@id":"https:\/\/ultimateinfo.com.br\/v3\/#organization"},"potentialAction":[{"@type":"SearchAction","target":{"@type":"EntryPoint","urlTemplate":"https:\/\/ultimateinfo.com.br\/v3\/?s={search_term_string}"},"query-input":{"@type":"PropertyValueSpecification","valueRequired":true,"valueName":"search_term_string"}}],"inLanguage":"pt-BR"},{"@type":"Organization","@id":"https:\/\/ultimateinfo.com.br\/v3\/#organization","name":"Ultimate Inform\u00e1tica","url":"https:\/\/ultimateinfo.com.br\/v3\/","logo":{"@type":"ImageObject","inLanguage":"pt-BR","@id":"https:\/\/ultimateinfo.com.br\/v3\/#\/schema\/logo\/image\/","url":"https:\/\/ultimateinfo.com.br\/v3\/wp-content\/uploads\/Logotipo.png","contentUrl":"https:\/\/ultimateinfo.com.br\/v3\/wp-content\/uploads\/Logotipo.png","width":2654,"height":757,"caption":"Ultimate Inform\u00e1tica"},"image":{"@id":"https:\/\/ultimateinfo.com.br\/v3\/#\/schema\/logo\/image\/"}}]}},"_links":{"self":[{"href":"https:\/\/ultimateinfo.com.br\/v3\/wp-json\/wp\/v2\/pages\/267","targetHints":{"allow":["GET"]}}],"collection":[{"href":"https:\/\/ultimateinfo.com.br\/v3\/wp-json\/wp\/v2\/pages"}],"about":[{"href":"https:\/\/ultimateinfo.com.br\/v3\/wp-json\/wp\/v2\/types\/page"}],"author":[{"embeddable":true,"href":"https:\/\/ultimateinfo.com.br\/v3\/wp-json\/wp\/v2\/users\/1"}],"replies":[{"embeddable":true,"href":"https:\/\/ultimateinfo.com.br\/v3\/wp-json\/wp\/v2\/comments?post=267"}],"version-history":[{"count":18,"href":"https:\/\/ultimateinfo.com.br\/v3\/wp-json\/wp\/v2\/pages\/267\/revisions"}],"predecessor-version":[{"id":1017,"href":"https:\/\/ultimateinfo.com.br\/v3\/wp-json\/wp\/v2\/pages\/267\/revisions\/1017"}],"wp:attachment":[{"href":"https:\/\/ultimateinfo.com.br\/v3\/wp-json\/wp\/v2\/media?parent=267"}],"curies":[{"name":"wp","href":"https:\/\/api.w.org\/{rel}","templated":true}]}}