{"id":659,"date":"2020-05-24T21:17:04","date_gmt":"2020-05-25T00:17:04","guid":{"rendered":"https:\/\/ultimateinfo.com.br\/v3\/?page_id=659"},"modified":"2024-03-26T20:35:42","modified_gmt":"2024-03-26T23:35:42","slug":"fale-conosco","status":"publish","type":"page","link":"https:\/\/ultimateinfo.com.br\/v3\/contato\/fale-conosco\/","title":{"rendered":"Fale Conosco"},"content":{"rendered":"\n<p><strong>Atendimento de Segunda \u00e0 Sexta-feira das 09h \u00e0s 18h.<\/strong><\/p>\n\n\n\n<p><strong>Telefones: (51) 99919-4046 \/ (51) 99608-5874<\/strong><\/p>\n\n\n\n<p><strong>E-mail: atendimento@ultimateinfo.com.br<\/strong><\/p>\n\n\n\n<p><strong>Para solicitar um or\u00e7amento, por favor, <a href=\"https:\/\/ultimateinfo.com.br\/v3\/contato\/solicitar-orcamento\/\">clique aqui<\/a>.<\/strong><\/p>\n\n\n<div class=\"wpforms-container wpforms-container-full\" id=\"wpforms-826\"><form id=\"wpforms-form-826\" class=\"wpforms-validate wpforms-form wpforms-ajax-form\" data-formid=\"826\" method=\"post\" enctype=\"multipart\/form-data\" action=\"\/v3\/wp-json\/wp\/v2\/pages\/659\" data-token=\"51c95317e5536a820c8fb240d488a858\" data-token-time=\"1776699751\"><noscript class=\"wpforms-error-noscript\">Ative o JavaScript no seu navegador para preencher este formul\u00e1rio.<\/noscript><div class=\"wpforms-field-container\"><div id=\"wpforms-826-field_2-container\" class=\"wpforms-field wpforms-field-text\" data-field-id=\"2\"><label class=\"wpforms-field-label\" for=\"wpforms-826-field_2\">Seu Nome: <span class=\"wpforms-required-label\">*<\/span><\/label><input type=\"text\" id=\"wpforms-826-field_2\" class=\"wpforms-field-medium wpforms-field-required\" name=\"wpforms[fields][2]\" required><\/div><div id=\"wpforms-826-field_4-container\" class=\"wpforms-field wpforms-field-email\" data-field-id=\"4\"><label class=\"wpforms-field-label\">E-mail: <span class=\"wpforms-required-label\">*<\/span><\/label><div class=\"wpforms-field-row wpforms-field-medium\"><div class=\"wpforms-field-row-block wpforms-one-half wpforms-first\"><input type=\"email\" id=\"wpforms-826-field_4\" class=\"wpforms-field-required wpforms-field-email-primary\" name=\"wpforms[fields][4][primary]\" spellcheck=\"false\" required><label for=\"wpforms-826-field_4\" class=\"wpforms-field-sublabel after\">E-mail<\/label><\/div><div class=\"wpforms-field-row-block wpforms-one-half\"><input type=\"email\" id=\"wpforms-826-field_4-secondary\" class=\"wpforms-field-email-secondary wpforms-field-required\" data-rule-confirm=\"#wpforms-826-field_4\" name=\"wpforms[fields][4][secondary]\" spellcheck=\"false\" required><label for=\"wpforms-826-field_4-secondary\" class=\"wpforms-field-sublabel after\">Confirmar e-mail<\/label><\/div><\/div><\/div><div id=\"wpforms-826-field_10-container\" class=\"wpforms-field wpforms-field-number\" data-field-id=\"10\"><label class=\"wpforms-field-label\" for=\"wpforms-826-field_10\">Telefone de Contato:<\/label><input type=\"number\" id=\"wpforms-826-field_10\" class=\"wpforms-field-medium\" name=\"wpforms[fields][10]\" placeholder=\"(XX) 9XXXX-XXXX\" step=\"any\" ><\/div><div id=\"wpforms-826-field_5-container\" class=\"wpforms-field wpforms-field-text\" data-field-id=\"5\"><label class=\"wpforms-field-label\" for=\"wpforms-826-field_5\">Assunto: <span class=\"wpforms-required-label\">*<\/span><\/label><input type=\"text\" id=\"wpforms-826-field_5\" class=\"wpforms-field-medium wpforms-field-required\" name=\"wpforms[fields][5]\" required><\/div><div id=\"wpforms-826-field_8-container\" class=\"wpforms-field wpforms-field-textarea\" data-field-id=\"8\"><label class=\"wpforms-field-label\" for=\"wpforms-826-field_8\">Sua Mensagem: <span class=\"wpforms-required-label\">*<\/span><\/label><textarea id=\"wpforms-826-field_8\" class=\"wpforms-field-medium wpforms-field-required\" name=\"wpforms[fields][8]\" required><\/textarea><\/div><\/div><!-- .wpforms-field-container --><div class=\"wpforms-recaptcha-container wpforms-is-recaptcha wpforms-is-recaptcha-type-invisible\" ><div class=\"g-recaptcha\" data-sitekey=\"6LetD7QjAAAAAMbtl_RS0H28ziuEgAVlJJVNyT_w\" data-size=\"invisible\"><\/div><\/div><div class=\"wpforms-submit-container\" ><input type=\"hidden\" name=\"wpforms[id]\" value=\"826\"><input type=\"hidden\" name=\"page_title\" value=\"\"><input type=\"hidden\" name=\"page_url\" value=\"https:\/\/ultimateinfo.com.br\/v3\/wp-json\/wp\/v2\/pages\/659\"><input type=\"hidden\" name=\"url_referer\" value=\"\"><button type=\"submit\" name=\"wpforms[submit]\" id=\"wpforms-submit-826\" class=\"wpforms-submit\" data-alt-text=\"Enviando...\" data-submit-text=\"Enviar\" aria-live=\"assertive\" value=\"wpforms-submit\">Enviar<\/button><img loading=\"lazy\" decoding=\"async\" src=\"https:\/\/ultimateinfo.com.br\/v3\/wp-content\/plugins\/wpforms-lite\/assets\/images\/submit-spin.svg\" class=\"wpforms-submit-spinner\" style=\"display: none;\" width=\"26\" height=\"26\" alt=\"Carregando\"><\/div><\/form><\/div>  <!-- .wpforms-container -->\n","protected":false},"excerpt":{"rendered":"<p>Atendimento de Segunda \u00e0 Sexta-feira das 09h \u00e0s 18h. Telefones: (51) 99919-4046 \/ (51) 99608-5874 E-mail: atendimento@ultimateinfo.com.br Para solicitar um or\u00e7amento, por favor, clique aqui.<\/p>\n","protected":false},"author":1,"featured_media":0,"parent":271,"menu_order":0,"comment_status":"closed","ping_status":"closed","template":"","meta":{"footnotes":""},"class_list":["post-659","page","type-page","status-publish","hentry"],"yoast_head":"<!-- This site is optimized with the Yoast SEO plugin v27.3 - https:\/\/yoast.com\/product\/yoast-seo-wordpress\/ -->\n<title>Fale Conosco - Ultimate Inform\u00e1tica<\/title>\n<meta name=\"robots\" content=\"index, follow, max-snippet:-1, max-image-preview:large, max-video-preview:-1\" \/>\n<link rel=\"canonical\" href=\"https:\/\/ultimateinfo.com.br\/v3\/contato\/fale-conosco\/\" \/>\n<meta property=\"og:locale\" content=\"pt_BR\" \/>\n<meta property=\"og:type\" content=\"article\" \/>\n<meta property=\"og:title\" content=\"Fale Conosco - Ultimate Inform\u00e1tica\" \/>\n<meta property=\"og:description\" content=\"Atendimento de Segunda \u00e0 Sexta-feira das 09h \u00e0s 18h. Telefones: (51) 99919-4046 \/ (51) 99608-5874 E-mail: atendimento@ultimateinfo.com.br Para solicitar um or\u00e7amento, por favor, clique aqui.\" \/>\n<meta property=\"og:url\" content=\"https:\/\/ultimateinfo.com.br\/v3\/contato\/fale-conosco\/\" \/>\n<meta property=\"og:site_name\" content=\"Ultimate Inform\u00e1tica\" \/>\n<meta property=\"article:modified_time\" content=\"2024-03-26T23:35:42+00:00\" \/>\n<meta name=\"twitter:card\" content=\"summary_large_image\" \/>\n<meta name=\"twitter:label1\" content=\"Est. tempo de leitura\" \/>\n\t<meta name=\"twitter:data1\" content=\"1 minuto\" \/>\n<script type=\"application\/ld+json\" class=\"yoast-schema-graph\">{\"@context\":\"https:\\\/\\\/schema.org\",\"@graph\":[{\"@type\":\"WebPage\",\"@id\":\"https:\\\/\\\/ultimateinfo.com.br\\\/v3\\\/contato\\\/fale-conosco\\\/\",\"url\":\"https:\\\/\\\/ultimateinfo.com.br\\\/v3\\\/contato\\\/fale-conosco\\\/\",\"name\":\"Fale Conosco - Ultimate Inform\u00e1tica\",\"isPartOf\":{\"@id\":\"https:\\\/\\\/ultimateinfo.com.br\\\/v3\\\/#website\"},\"datePublished\":\"2020-05-25T00:17:04+00:00\",\"dateModified\":\"2024-03-26T23:35:42+00:00\",\"breadcrumb\":{\"@id\":\"https:\\\/\\\/ultimateinfo.com.br\\\/v3\\\/contato\\\/fale-conosco\\\/#breadcrumb\"},\"inLanguage\":\"pt-BR\",\"potentialAction\":[{\"@type\":\"ReadAction\",\"target\":[\"https:\\\/\\\/ultimateinfo.com.br\\\/v3\\\/contato\\\/fale-conosco\\\/\"]}]},{\"@type\":\"BreadcrumbList\",\"@id\":\"https:\\\/\\\/ultimateinfo.com.br\\\/v3\\\/contato\\\/fale-conosco\\\/#breadcrumb\",\"itemListElement\":[{\"@type\":\"ListItem\",\"position\":1,\"name\":\"In\u00edcio\",\"item\":\"https:\\\/\\\/ultimateinfo.com.br\\\/v3\\\/\"},{\"@type\":\"ListItem\",\"position\":2,\"name\":\"Contato\",\"item\":\"https:\\\/\\\/ultimateinfo.com.br\\\/v3\\\/contato\\\/\"},{\"@type\":\"ListItem\",\"position\":3,\"name\":\"Fale Conosco\"}]},{\"@type\":\"WebSite\",\"@id\":\"https:\\\/\\\/ultimateinfo.com.br\\\/v3\\\/#website\",\"url\":\"https:\\\/\\\/ultimateinfo.com.br\\\/v3\\\/\",\"name\":\"Ultimate Inform\u00e1tica\",\"description\":\"Suporte de Inform\u00e1tica e solu\u00e7\u00f5es Windows e Linux para sua empresa.\",\"publisher\":{\"@id\":\"https:\\\/\\\/ultimateinfo.com.br\\\/v3\\\/#organization\"},\"potentialAction\":[{\"@type\":\"SearchAction\",\"target\":{\"@type\":\"EntryPoint\",\"urlTemplate\":\"https:\\\/\\\/ultimateinfo.com.br\\\/v3\\\/?s={search_term_string}\"},\"query-input\":{\"@type\":\"PropertyValueSpecification\",\"valueRequired\":true,\"valueName\":\"search_term_string\"}}],\"inLanguage\":\"pt-BR\"},{\"@type\":\"Organization\",\"@id\":\"https:\\\/\\\/ultimateinfo.com.br\\\/v3\\\/#organization\",\"name\":\"Ultimate Inform\u00e1tica\",\"url\":\"https:\\\/\\\/ultimateinfo.com.br\\\/v3\\\/\",\"logo\":{\"@type\":\"ImageObject\",\"inLanguage\":\"pt-BR\",\"@id\":\"https:\\\/\\\/ultimateinfo.com.br\\\/v3\\\/#\\\/schema\\\/logo\\\/image\\\/\",\"url\":\"https:\\\/\\\/ultimateinfo.com.br\\\/v3\\\/wp-content\\\/uploads\\\/Logotipo.png\",\"contentUrl\":\"https:\\\/\\\/ultimateinfo.com.br\\\/v3\\\/wp-content\\\/uploads\\\/Logotipo.png\",\"width\":2654,\"height\":757,\"caption\":\"Ultimate Inform\u00e1tica\"},\"image\":{\"@id\":\"https:\\\/\\\/ultimateinfo.com.br\\\/v3\\\/#\\\/schema\\\/logo\\\/image\\\/\"}}]}<\/script>\n<!-- \/ Yoast SEO plugin. -->","yoast_head_json":{"title":"Fale Conosco - Ultimate Inform\u00e1tica","robots":{"index":"index","follow":"follow","max-snippet":"max-snippet:-1","max-image-preview":"max-image-preview:large","max-video-preview":"max-video-preview:-1"},"canonical":"https:\/\/ultimateinfo.com.br\/v3\/contato\/fale-conosco\/","og_locale":"pt_BR","og_type":"article","og_title":"Fale Conosco - Ultimate Inform\u00e1tica","og_description":"Atendimento de Segunda \u00e0 Sexta-feira das 09h \u00e0s 18h. Telefones: (51) 99919-4046 \/ (51) 99608-5874 E-mail: atendimento@ultimateinfo.com.br Para solicitar um or\u00e7amento, por favor, clique aqui.","og_url":"https:\/\/ultimateinfo.com.br\/v3\/contato\/fale-conosco\/","og_site_name":"Ultimate Inform\u00e1tica","article_modified_time":"2024-03-26T23:35:42+00:00","twitter_card":"summary_large_image","twitter_misc":{"Est. tempo de leitura":"1 minuto"},"schema":{"@context":"https:\/\/schema.org","@graph":[{"@type":"WebPage","@id":"https:\/\/ultimateinfo.com.br\/v3\/contato\/fale-conosco\/","url":"https:\/\/ultimateinfo.com.br\/v3\/contato\/fale-conosco\/","name":"Fale Conosco - Ultimate Inform\u00e1tica","isPartOf":{"@id":"https:\/\/ultimateinfo.com.br\/v3\/#website"},"datePublished":"2020-05-25T00:17:04+00:00","dateModified":"2024-03-26T23:35:42+00:00","breadcrumb":{"@id":"https:\/\/ultimateinfo.com.br\/v3\/contato\/fale-conosco\/#breadcrumb"},"inLanguage":"pt-BR","potentialAction":[{"@type":"ReadAction","target":["https:\/\/ultimateinfo.com.br\/v3\/contato\/fale-conosco\/"]}]},{"@type":"BreadcrumbList","@id":"https:\/\/ultimateinfo.com.br\/v3\/contato\/fale-conosco\/#breadcrumb","itemListElement":[{"@type":"ListItem","position":1,"name":"In\u00edcio","item":"https:\/\/ultimateinfo.com.br\/v3\/"},{"@type":"ListItem","position":2,"name":"Contato","item":"https:\/\/ultimateinfo.com.br\/v3\/contato\/"},{"@type":"ListItem","position":3,"name":"Fale Conosco"}]},{"@type":"WebSite","@id":"https:\/\/ultimateinfo.com.br\/v3\/#website","url":"https:\/\/ultimateinfo.com.br\/v3\/","name":"Ultimate Inform\u00e1tica","description":"Suporte de Inform\u00e1tica e solu\u00e7\u00f5es Windows e Linux para sua empresa.","publisher":{"@id":"https:\/\/ultimateinfo.com.br\/v3\/#organization"},"potentialAction":[{"@type":"SearchAction","target":{"@type":"EntryPoint","urlTemplate":"https:\/\/ultimateinfo.com.br\/v3\/?s={search_term_string}"},"query-input":{"@type":"PropertyValueSpecification","valueRequired":true,"valueName":"search_term_string"}}],"inLanguage":"pt-BR"},{"@type":"Organization","@id":"https:\/\/ultimateinfo.com.br\/v3\/#organization","name":"Ultimate Inform\u00e1tica","url":"https:\/\/ultimateinfo.com.br\/v3\/","logo":{"@type":"ImageObject","inLanguage":"pt-BR","@id":"https:\/\/ultimateinfo.com.br\/v3\/#\/schema\/logo\/image\/","url":"https:\/\/ultimateinfo.com.br\/v3\/wp-content\/uploads\/Logotipo.png","contentUrl":"https:\/\/ultimateinfo.com.br\/v3\/wp-content\/uploads\/Logotipo.png","width":2654,"height":757,"caption":"Ultimate Inform\u00e1tica"},"image":{"@id":"https:\/\/ultimateinfo.com.br\/v3\/#\/schema\/logo\/image\/"}}]}},"_links":{"self":[{"href":"https:\/\/ultimateinfo.com.br\/v3\/wp-json\/wp\/v2\/pages\/659","targetHints":{"allow":["GET"]}}],"collection":[{"href":"https:\/\/ultimateinfo.com.br\/v3\/wp-json\/wp\/v2\/pages"}],"about":[{"href":"https:\/\/ultimateinfo.com.br\/v3\/wp-json\/wp\/v2\/types\/page"}],"author":[{"embeddable":true,"href":"https:\/\/ultimateinfo.com.br\/v3\/wp-json\/wp\/v2\/users\/1"}],"replies":[{"embeddable":true,"href":"https:\/\/ultimateinfo.com.br\/v3\/wp-json\/wp\/v2\/comments?post=659"}],"version-history":[{"count":4,"href":"https:\/\/ultimateinfo.com.br\/v3\/wp-json\/wp\/v2\/pages\/659\/revisions"}],"predecessor-version":[{"id":1118,"href":"https:\/\/ultimateinfo.com.br\/v3\/wp-json\/wp\/v2\/pages\/659\/revisions\/1118"}],"up":[{"embeddable":true,"href":"https:\/\/ultimateinfo.com.br\/v3\/wp-json\/wp\/v2\/pages\/271"}],"wp:attachment":[{"href":"https:\/\/ultimateinfo.com.br\/v3\/wp-json\/wp\/v2\/media?parent=659"}],"curies":[{"name":"wp","href":"https:\/\/api.w.org\/{rel}","templated":true}]}}